{"id":207,"date":"2022-02-02T20:14:52","date_gmt":"2022-02-02T19:14:52","guid":{"rendered":"https:\/\/coconutwatershop.com\/einkaufswagen\/"},"modified":"2022-02-06T12:45:07","modified_gmt":"2022-02-06T11:45:07","slug":"einkaufswagen","status":"publish","type":"page","link":"https:\/\/coconutwatershop.com\/de\/einkaufswagen\/","title":{"rendered":"Einkaufswagen"},"content":{"rendered":"\n","protected":false},"excerpt":{"rendered":"","protected":false},"author":1,"featured_media":0,"parent":0,"menu_order":0,"comment_status":"closed","ping_status":"closed","template":"","meta":{"footnotes":""},"class_list":["post-207","page","type-page","status-publish"],"yoast_head":"<!-- This site is optimized with the Yoast SEO plugin v27.4 - https:\/\/yoast.com\/product\/yoast-seo-wordpress\/ -->\n<title>Einkaufswagen | CoCos Premium 100% Coconut Water Shop<\/title>\n<meta name=\"robots\" content=\"index, follow, max-snippet:-1, max-image-preview:large, max-video-preview:-1\" \/>\n<link rel=\"canonical\" href=\"https:\/\/coconutwatershop.com\/de\/einkaufswagen\/\" \/>\n<meta property=\"og:locale\" content=\"de_DE\" \/>\n<meta property=\"og:type\" content=\"article\" \/>\n<meta property=\"og:title\" content=\"Einkaufswagen | CoCos Premium 100% Coconut Water Shop\" \/>\n<meta property=\"og:url\" content=\"https:\/\/coconutwatershop.com\/de\/einkaufswagen\/\" \/>\n<meta property=\"og:site_name\" content=\"CoCos Premium 100% Coconut Water Shop\" \/>\n<meta property=\"article:modified_time\" content=\"2022-02-06T11:45:07+00:00\" \/>\n<meta name=\"twitter:card\" content=\"summary_large_image\" \/>\n<script type=\"application\/ld+json\" class=\"yoast-schema-graph\">{\"@context\":\"https:\\\/\\\/schema.org\",\"@graph\":[{\"@type\":\"WebPage\",\"@id\":\"https:\\\/\\\/coconutwatershop.com\\\/de\\\/einkaufswagen\\\/\",\"url\":\"https:\\\/\\\/coconutwatershop.com\\\/de\\\/einkaufswagen\\\/\",\"name\":\"Einkaufswagen | CoCos Premium 100% Coconut Water Shop\",\"isPartOf\":{\"@id\":\"https:\\\/\\\/coconutwatershop.com\\\/de\\\/#website\"},\"datePublished\":\"2022-02-02T19:14:52+00:00\",\"dateModified\":\"2022-02-06T11:45:07+00:00\",\"breadcrumb\":{\"@id\":\"https:\\\/\\\/coconutwatershop.com\\\/de\\\/einkaufswagen\\\/#breadcrumb\"},\"inLanguage\":\"de\",\"potentialAction\":[{\"@type\":\"ReadAction\",\"target\":[\"https:\\\/\\\/coconutwatershop.com\\\/de\\\/einkaufswagen\\\/\"]}]},{\"@type\":\"BreadcrumbList\",\"@id\":\"https:\\\/\\\/coconutwatershop.com\\\/de\\\/einkaufswagen\\\/#breadcrumb\",\"itemListElement\":[{\"@type\":\"ListItem\",\"position\":1,\"name\":\"Kezd\u0151lap\",\"item\":\"https:\\\/\\\/coconutwatershop.com\\\/de\\\/\"},{\"@type\":\"ListItem\",\"position\":2,\"name\":\"Einkaufswagen\"}]},{\"@type\":\"WebSite\",\"@id\":\"https:\\\/\\\/coconutwatershop.com\\\/de\\\/#website\",\"url\":\"https:\\\/\\\/coconutwatershop.com\\\/de\\\/\",\"name\":\"CoCos Premium 100% Coconut Water Shop\",\"description\":\"100% Pr\u00e9mium K\u00f3kuszv\u00edz\",\"potentialAction\":[{\"@type\":\"SearchAction\",\"target\":{\"@type\":\"EntryPoint\",\"urlTemplate\":\"https:\\\/\\\/coconutwatershop.com\\\/de\\\/?s={search_term_string}\"},\"query-input\":{\"@type\":\"PropertyValueSpecification\",\"valueRequired\":true,\"valueName\":\"search_term_string\"}}],\"inLanguage\":\"de\"}]}<\/script>\n<!-- \/ Yoast SEO plugin. -->","yoast_head_json":{"title":"Einkaufswagen | CoCos Premium 100% Coconut Water Shop","robots":{"index":"index","follow":"follow","max-snippet":"max-snippet:-1","max-image-preview":"max-image-preview:large","max-video-preview":"max-video-preview:-1"},"canonical":"https:\/\/coconutwatershop.com\/de\/einkaufswagen\/","og_locale":"de_DE","og_type":"article","og_title":"Einkaufswagen | CoCos Premium 100% Coconut Water Shop","og_url":"https:\/\/coconutwatershop.com\/de\/einkaufswagen\/","og_site_name":"CoCos Premium 100% Coconut Water Shop","article_modified_time":"2022-02-06T11:45:07+00:00","twitter_card":"summary_large_image","schema":{"@context":"https:\/\/schema.org","@graph":[{"@type":"WebPage","@id":"https:\/\/coconutwatershop.com\/de\/einkaufswagen\/","url":"https:\/\/coconutwatershop.com\/de\/einkaufswagen\/","name":"Einkaufswagen | CoCos Premium 100% Coconut Water Shop","isPartOf":{"@id":"https:\/\/coconutwatershop.com\/de\/#website"},"datePublished":"2022-02-02T19:14:52+00:00","dateModified":"2022-02-06T11:45:07+00:00","breadcrumb":{"@id":"https:\/\/coconutwatershop.com\/de\/einkaufswagen\/#breadcrumb"},"inLanguage":"de","potentialAction":[{"@type":"ReadAction","target":["https:\/\/coconutwatershop.com\/de\/einkaufswagen\/"]}]},{"@type":"BreadcrumbList","@id":"https:\/\/coconutwatershop.com\/de\/einkaufswagen\/#breadcrumb","itemListElement":[{"@type":"ListItem","position":1,"name":"Kezd\u0151lap","item":"https:\/\/coconutwatershop.com\/de\/"},{"@type":"ListItem","position":2,"name":"Einkaufswagen"}]},{"@type":"WebSite","@id":"https:\/\/coconutwatershop.com\/de\/#website","url":"https:\/\/coconutwatershop.com\/de\/","name":"CoCos Premium 100% Coconut Water Shop","description":"100% Pr\u00e9mium K\u00f3kuszv\u00edz","potentialAction":[{"@type":"SearchAction","target":{"@type":"EntryPoint","urlTemplate":"https:\/\/coconutwatershop.com\/de\/?s={search_term_string}"},"query-input":{"@type":"PropertyValueSpecification","valueRequired":true,"valueName":"search_term_string"}}],"inLanguage":"de"}]}},"jetpack_sharing_enabled":true,"_links":{"self":[{"href":"https:\/\/coconutwatershop.com\/de\/wp-json\/wp\/v2\/pages\/207","targetHints":{"allow":["GET"]}}],"collection":[{"href":"https:\/\/coconutwatershop.com\/de\/wp-json\/wp\/v2\/pages"}],"about":[{"href":"https:\/\/coconutwatershop.com\/de\/wp-json\/wp\/v2\/types\/page"}],"author":[{"embeddable":true,"href":"https:\/\/coconutwatershop.com\/de\/wp-json\/wp\/v2\/users\/1"}],"replies":[{"embeddable":true,"href":"https:\/\/coconutwatershop.com\/de\/wp-json\/wp\/v2\/comments?post=207"}],"version-history":[{"count":0,"href":"https:\/\/coconutwatershop.com\/de\/wp-json\/wp\/v2\/pages\/207\/revisions"}],"wp:attachment":[{"href":"https:\/\/coconutwatershop.com\/de\/wp-json\/wp\/v2\/media?parent=207"}],"curies":[{"name":"wp","href":"https:\/\/api.w.org\/{rel}","templated":true}]}}