{"id":296,"date":"2022-01-26T21:27:30","date_gmt":"2022-01-26T20:27:30","guid":{"rendered":"https:\/\/coconutwatershop.com\/lieferung\/"},"modified":"2023-01-04T15:40:57","modified_gmt":"2023-01-04T14:40:57","slug":"lieferung","status":"publish","type":"page","link":"https:\/\/coconutwatershop.com\/de\/lieferung\/","title":{"rendered":"Lieferung"},"content":{"rendered":"<h2>LIEFERUNG<\/h2>\n<p>Wir arbeiten momentam mit der folgender Lieferungpreisen.<\/p>\n<table cellspacing=\"0\" cellpadding=\"0\">\n<tbody>\n<tr>\n<td valign=\"top\"><span style=\"color: #000000; font-family: Helvetica Neue; font-size: medium;\"><b>Ungarn<\/b><\/span><\/td>\n<\/tr>\n<tr>\n<td valign=\"top\"><span style=\"color: #000000; font-family: Helvetica Neue; font-size: medium;\">3-7 Tage*, deren Kost: bis HUF 32.999,- Korbwert: HUF 2.400 &#8211; Ab HUF 33.000,- Korbwert: kostenlos (nur in Ungarn)<\/span><\/td>\n<\/tr>\n<tr>\n<td valign=\"top\"><span style=\"color: #000000; font-family: Helvetica Neue; font-size: medium;\">Lieferzeit wird berechnet von der Tag, als die Bestellung abgegeben wurde.<\/span><\/td>\n<\/tr>\n<tr>\n<td valign=\"top\"><span style=\"color: #000000; font-family: Helvetica Neue; font-size: medium;\">Bitte beachten Sie, dass Ihre Bestellung nur dann am gleichen Tag bearbeitet wird, wenn die Bestellung spaetestens bis 10.00 Uhr Vormittag (Mittel-Europische Zeit) abgegeben wird.<\/span><\/td>\n<\/tr>\n<tr>\n<td valign=\"top\"><span style=\"color: #000000; font-family: Helvetica Neue; font-size: medium;\">Wir versuchen Ihre Bestellung innerhalb der angegebenen Zeit erf\u00fcllen, aber wir k\u00f6nnen keine Verantwortung \u00fcbernehmen, wenn die Lieferung laenger wird.<\/span><\/td>\n<\/tr>\n<tr>\n<td valign=\"top\"><span style=\"color: #000000; font-family: Helvetica Neue; font-size: medium;\"><b>\u00d6sterreich, Slowenien, Tschechische Republik, Slowakei, Polen, Rumaenien, Kroatien, Estland, Lettland<\/b><\/span><\/td>\n<\/tr>\n<tr>\n<td valign=\"top\"><span style=\"color: #000000; font-family: Helvetica Neue; font-size: medium;\">5-10 Tage*, Lieferungskost (Flatrate): \u20ac 10,- \/ Bestellung; Maximale Bestellmenge: 3 Kartons<\/span><\/td>\n<\/tr>\n<tr>\n<td valign=\"top\"><span style=\"color: #000000; font-family: Helvetica Neue; font-size: medium;\"><b>Belgien, Die Niederlande, Luxemburg, Frankreich, Italien, Schweden, Daenemark, Litauen<\/b><\/span><\/td>\n<\/tr>\n<tr>\n<td valign=\"top\"><span style=\"color: #000000; font-family: Helvetica Neue; font-size: medium;\">5-10 Tage*, Lieferungskost (Flatrate): \u20ac 12,- \/ Bestellung; Maximale Bestellmenge: 3 Kartons<\/span><\/td>\n<\/tr>\n<tr>\n<td valign=\"top\"><span style=\"color: #000000; font-family: Helvetica Neue; font-size: medium;\"><b>Spanien, Portugal, Griechenland, Finnland, Irland<\/b><\/span><\/td>\n<\/tr>\n<tr>\n<td valign=\"top\"><span style=\"color: #000000; font-family: Helvetica Neue; font-size: medium;\">5-10 Tage*, Lieferungskost (Flatrate): \u20ac 15,- \/ Bestellung; Maximale Bestellmenge: 3 Kartons<\/span><\/td>\n<\/tr>\n<tr>\n<td valign=\"top\"><span style=\"color: #000000; font-family: Helvetica Neue; font-size: medium;\"><b>Malta, Schweiz, Norwegen<\/b><\/span><\/td>\n<\/tr>\n<tr>\n<td valign=\"top\"><span style=\"color: #000000; font-family: Helvetica Neue; font-size: medium;\">5-10 Tage*, Lieferungskost Nach Anfrage, bitte nehmen Sie die Kontakte mit uns auf &#8211; Email Address: info@coconutwater.company; Maximale Bestellmenge: 3 Kartons<\/span><\/td>\n<\/tr>\n<tr>\n<td valign=\"top\"><span style=\"color: #000000; font-family: Helvetica Neue; font-size: medium;\">Lieferzeit wird berechnet von der Tag, als die Bestellung abgegeben wurde.<\/span><\/td>\n<\/tr>\n<tr>\n<td valign=\"top\"><span style=\"color: #000000; font-family: Helvetica Neue; font-size: medium;\">Bitte beachten Sie, dass Ihre Bestellung<span class=\"Apple-converted-space\">\u00a0 <\/span>nur dann am gleichen Tag bearbeitet wird, wenn die Bestellung spaetestens bis 10.00 Uhr Vormittag (Mittel-Europische Zeit) abgegen wird.<\/span><\/td>\n<\/tr>\n<tr>\n<td valign=\"top\"><span style=\"color: #000000; font-family: Helvetica Neue; font-size: medium;\">Wir versuchen Ihre Bestellung innerhalb der angegebenen Zeit erf\u00fcllen, aber wir k\u00f6nnen keine Verantwortung \u00fcbernehmen, wenn die Lieferung laenger wird.<\/span><\/td>\n<\/tr>\n<tr>\n<td valign=\"top\"><span style=\"color: #000000; font-family: Helvetica Neue; font-size: medium;\"><b>Weitere Informationen<\/b><\/span><\/td>\n<\/tr>\n<tr>\n<td valign=\"top\"><span style=\"color: #000000; font-family: Helvetica Neue; font-size: medium;\">Unsere bestellungverarbeiter Zentrale startet keine Lieferung am Samstag, Sontag und Feiertagen.<\/span><\/td>\n<\/tr>\n<tr>\n<td valign=\"top\"><span style=\"color: #000000; font-family: Helvetica Neue; font-size: medium;\">Wir liefern nicht auf Postfach und Postpunkte.<\/span><\/td>\n<\/tr>\n<tr>\n<td valign=\"top\"><span style=\"color: #000000; font-family: Helvetica Neue; font-size: medium;\">Obwohl wir versuchen alles, dass Ihre Bestellung innerhalb der angegeben Frist erf\u00fcllen wird, wir k\u00f6nnen keine Verantwortung \u00fcbernehmen f\u00fcr die verursachte Verspaetungen, wo wir kein Beeinfluss haben. Im Fall eine jegliche, nicht erwartete Verspaetung, wir bem\u00fchen uns unsere Kunden zuinformieren.<\/span><\/td>\n<\/tr>\n<tr>\n<td valign=\"top\"><span style=\"color: #000000; font-family: Helvetica Neue; font-size: medium;\">Falls Sie Fragen oder Bemerkung haben mit der Nachfolgung Ihres Packetes, nehmen Sie auf die Kontakte mit unser Emailkundendienstes!<\/span><\/td>\n<\/tr>\n<\/tbody>\n<\/table>\n","protected":false},"excerpt":{"rendered":"<p>LIEFERUNG Wir arbeiten momentam mit der folgender Lieferungpreisen. Ungarn 3-7 Tage*, deren Kost: bis HUF 32.999,- Korbwert: HUF 2.400 &#8211; Ab HUF 33.000,- Korbwert: kostenlos (nur in Ungarn) Lieferzeit wird&#8230;<\/p>\n","protected":false},"author":1,"featured_media":0,"parent":0,"menu_order":0,"comment_status":"closed","ping_status":"closed","template":"","meta":{"footnotes":""},"class_list":["post-296","page","type-page","status-publish"],"yoast_head":"<!-- This site is optimized with the Yoast SEO plugin v27.4 - https:\/\/yoast.com\/product\/yoast-seo-wordpress\/ -->\n<title>Lieferung | CoCos Premium 100% Coconut Water Shop<\/title>\n<meta name=\"robots\" content=\"index, follow, max-snippet:-1, max-image-preview:large, max-video-preview:-1\" \/>\n<link rel=\"canonical\" href=\"https:\/\/coconutwatershop.com\/de\/lieferung\/\" \/>\n<meta property=\"og:locale\" content=\"de_DE\" \/>\n<meta property=\"og:type\" content=\"article\" \/>\n<meta property=\"og:title\" content=\"Lieferung | CoCos Premium 100% Coconut Water Shop\" \/>\n<meta property=\"og:description\" content=\"LIEFERUNG Wir arbeiten momentam mit der folgender Lieferungpreisen. Ungarn 3-7 Tage*, deren Kost: bis HUF 32.999,- Korbwert: HUF 2.400 &#8211; Ab HUF 33.000,- Korbwert: kostenlos (nur in Ungarn) Lieferzeit wird...\" \/>\n<meta property=\"og:url\" content=\"https:\/\/coconutwatershop.com\/de\/lieferung\/\" \/>\n<meta property=\"og:site_name\" content=\"CoCos Premium 100% Coconut Water Shop\" \/>\n<meta property=\"article:modified_time\" content=\"2023-01-04T14:40:57+00:00\" \/>\n<meta name=\"twitter:card\" content=\"summary_large_image\" \/>\n<meta name=\"twitter:label1\" content=\"Gesch\u00e4tzte Lesezeit\" \/>\n\t<meta name=\"twitter:data1\" content=\"2\u00a0Minuten\" \/>\n<script type=\"application\/ld+json\" class=\"yoast-schema-graph\">{\"@context\":\"https:\\\/\\\/schema.org\",\"@graph\":[{\"@type\":\"WebPage\",\"@id\":\"https:\\\/\\\/coconutwatershop.com\\\/de\\\/lieferung\\\/\",\"url\":\"https:\\\/\\\/coconutwatershop.com\\\/de\\\/lieferung\\\/\",\"name\":\"Lieferung | CoCos Premium 100% Coconut Water Shop\",\"isPartOf\":{\"@id\":\"https:\\\/\\\/coconutwatershop.com\\\/de\\\/#website\"},\"datePublished\":\"2022-01-26T20:27:30+00:00\",\"dateModified\":\"2023-01-04T14:40:57+00:00\",\"breadcrumb\":{\"@id\":\"https:\\\/\\\/coconutwatershop.com\\\/de\\\/lieferung\\\/#breadcrumb\"},\"inLanguage\":\"de\",\"potentialAction\":[{\"@type\":\"ReadAction\",\"target\":[\"https:\\\/\\\/coconutwatershop.com\\\/de\\\/lieferung\\\/\"]}]},{\"@type\":\"BreadcrumbList\",\"@id\":\"https:\\\/\\\/coconutwatershop.com\\\/de\\\/lieferung\\\/#breadcrumb\",\"itemListElement\":[{\"@type\":\"ListItem\",\"position\":1,\"name\":\"Kezd\u0151lap\",\"item\":\"https:\\\/\\\/coconutwatershop.com\\\/de\\\/\"},{\"@type\":\"ListItem\",\"position\":2,\"name\":\"Lieferung\"}]},{\"@type\":\"WebSite\",\"@id\":\"https:\\\/\\\/coconutwatershop.com\\\/de\\\/#website\",\"url\":\"https:\\\/\\\/coconutwatershop.com\\\/de\\\/\",\"name\":\"CoCos Premium 100% Coconut Water Shop\",\"description\":\"100% Pr\u00e9mium K\u00f3kuszv\u00edz\",\"potentialAction\":[{\"@type\":\"SearchAction\",\"target\":{\"@type\":\"EntryPoint\",\"urlTemplate\":\"https:\\\/\\\/coconutwatershop.com\\\/de\\\/?s={search_term_string}\"},\"query-input\":{\"@type\":\"PropertyValueSpecification\",\"valueRequired\":true,\"valueName\":\"search_term_string\"}}],\"inLanguage\":\"de\"}]}<\/script>\n<!-- \/ Yoast SEO plugin. -->","yoast_head_json":{"title":"Lieferung | CoCos Premium 100% Coconut Water Shop","robots":{"index":"index","follow":"follow","max-snippet":"max-snippet:-1","max-image-preview":"max-image-preview:large","max-video-preview":"max-video-preview:-1"},"canonical":"https:\/\/coconutwatershop.com\/de\/lieferung\/","og_locale":"de_DE","og_type":"article","og_title":"Lieferung | CoCos Premium 100% Coconut Water Shop","og_description":"LIEFERUNG Wir arbeiten momentam mit der folgender Lieferungpreisen. Ungarn 3-7 Tage*, deren Kost: bis HUF 32.999,- Korbwert: HUF 2.400 &#8211; Ab HUF 33.000,- Korbwert: kostenlos (nur in Ungarn) Lieferzeit wird...","og_url":"https:\/\/coconutwatershop.com\/de\/lieferung\/","og_site_name":"CoCos Premium 100% Coconut Water Shop","article_modified_time":"2023-01-04T14:40:57+00:00","twitter_card":"summary_large_image","twitter_misc":{"Gesch\u00e4tzte Lesezeit":"2\u00a0Minuten"},"schema":{"@context":"https:\/\/schema.org","@graph":[{"@type":"WebPage","@id":"https:\/\/coconutwatershop.com\/de\/lieferung\/","url":"https:\/\/coconutwatershop.com\/de\/lieferung\/","name":"Lieferung | CoCos Premium 100% Coconut Water Shop","isPartOf":{"@id":"https:\/\/coconutwatershop.com\/de\/#website"},"datePublished":"2022-01-26T20:27:30+00:00","dateModified":"2023-01-04T14:40:57+00:00","breadcrumb":{"@id":"https:\/\/coconutwatershop.com\/de\/lieferung\/#breadcrumb"},"inLanguage":"de","potentialAction":[{"@type":"ReadAction","target":["https:\/\/coconutwatershop.com\/de\/lieferung\/"]}]},{"@type":"BreadcrumbList","@id":"https:\/\/coconutwatershop.com\/de\/lieferung\/#breadcrumb","itemListElement":[{"@type":"ListItem","position":1,"name":"Kezd\u0151lap","item":"https:\/\/coconutwatershop.com\/de\/"},{"@type":"ListItem","position":2,"name":"Lieferung"}]},{"@type":"WebSite","@id":"https:\/\/coconutwatershop.com\/de\/#website","url":"https:\/\/coconutwatershop.com\/de\/","name":"CoCos Premium 100% Coconut Water Shop","description":"100% Pr\u00e9mium K\u00f3kuszv\u00edz","potentialAction":[{"@type":"SearchAction","target":{"@type":"EntryPoint","urlTemplate":"https:\/\/coconutwatershop.com\/de\/?s={search_term_string}"},"query-input":{"@type":"PropertyValueSpecification","valueRequired":true,"valueName":"search_term_string"}}],"inLanguage":"de"}]}},"jetpack_sharing_enabled":true,"_links":{"self":[{"href":"https:\/\/coconutwatershop.com\/de\/wp-json\/wp\/v2\/pages\/296","targetHints":{"allow":["GET"]}}],"collection":[{"href":"https:\/\/coconutwatershop.com\/de\/wp-json\/wp\/v2\/pages"}],"about":[{"href":"https:\/\/coconutwatershop.com\/de\/wp-json\/wp\/v2\/types\/page"}],"author":[{"embeddable":true,"href":"https:\/\/coconutwatershop.com\/de\/wp-json\/wp\/v2\/users\/1"}],"replies":[{"embeddable":true,"href":"https:\/\/coconutwatershop.com\/de\/wp-json\/wp\/v2\/comments?post=296"}],"version-history":[{"count":7,"href":"https:\/\/coconutwatershop.com\/de\/wp-json\/wp\/v2\/pages\/296\/revisions"}],"predecessor-version":[{"id":1258,"href":"https:\/\/coconutwatershop.com\/de\/wp-json\/wp\/v2\/pages\/296\/revisions\/1258"}],"wp:attachment":[{"href":"https:\/\/coconutwatershop.com\/de\/wp-json\/wp\/v2\/media?parent=296"}],"curies":[{"name":"wp","href":"https:\/\/api.w.org\/{rel}","templated":true}]}}