{"id":292,"date":"2022-01-26T21:27:30","date_gmt":"2022-01-26T20:27:30","guid":{"rendered":"https:\/\/coconutwatershop.com\/shipping\/"},"modified":"2023-01-04T15:40:29","modified_gmt":"2023-01-04T14:40:29","slug":"shipping","status":"publish","type":"page","link":"https:\/\/coconutwatershop.com\/en\/shipping\/","title":{"rendered":"Shipping"},"content":{"rendered":"\r\n<h2 class=\"wp-block-heading\" id=\"shipping\">SHIPPING<\/h2>\r\n\r\n\r\n\r\n<p>We are currently shipping as indicated below.<\/p>\r\n\r\n\r\n\r\n<table cellspacing=\"0\" cellpadding=\"0\">\r\n<tbody>\r\n<tr>\r\n<td valign=\"top\">\r\n<p><span style=\"color: #000000; font-family: Arial; font-size: medium;\"><b>Hungary<\/b><\/span><\/p>\r\n<\/td>\r\n<\/tr>\r\n<tr>\r\n<td valign=\"top\">\r\n<p><span style=\"color: #000000; font-family: Arial; font-size: medium;\">Shipping time: 3 to 7 days.*. Shipping fee: up to 32.999,- ordervalue: HUF 2.400,-, Ordervalue HUF 33.000,-\u00a0and above: free of charge in the territory of Hungary.<\/span><\/p>\r\n<\/td>\r\n<\/tr>\r\n<tr>\r\n<td valign=\"top\">\r\n<p><span style=\"color: #000000; font-family: Arial; font-size: medium;\">* Shipping time is calculated from date when the order was completed.<\/span><\/p>\r\n<\/td>\r\n<\/tr>\r\n<tr>\r\n<td valign=\"top\">\r\n<p><span style=\"color: #000000; font-family: Arial; font-size: medium;\">Orders completed until am 10:00 CET can be processed on the same day. <\/span><\/p>\r\n<\/td>\r\n<\/tr>\r\n<tr>\r\n<td valign=\"top\">\r\n<p><span style=\"color: #000000; font-family: Arial; font-size: medium;\">We are trying to complete the order until the mentioned time. We can not take responsibility if the shipping will take longer as mentioned. <\/span><\/p>\r\n<\/td>\r\n<\/tr>\r\n<tr>\r\n<td valign=\"top\">\r\n<p><span style=\"color: #000000; font-family: Arial; font-size: medium;\"><b>Austria, Slovenia, Czech Republic, Slovakia, Poland, Romania, Croatia, Estonia, Latvia<\/b><\/span><\/p>\r\n<\/td>\r\n<\/tr>\r\n<tr>\r\n<td valign=\"top\">\r\n<p><span style=\"color: #000000; font-family: Helvetica Neue; font-size: medium;\">Shipping time: 5-10 days\u00a0*. Shipping fee: EUR 10,-; Maximum order quantity: 3 cases (3&#215;24 cans)<span class=\"Apple-converted-space\">\u00a0 <\/span>\/ Order<\/span><\/p>\r\n<\/td>\r\n<\/tr>\r\n<tr>\r\n<td valign=\"top\">\r\n<p><span style=\"color: #000000; font-family: Arial; font-size: medium;\"><b>Germany, Belgium, The Netherlands, Luxemburg, France, Italy, Sveden, Denmark, Lithuania<\/b><\/span><\/p>\r\n<\/td>\r\n<\/tr>\r\n<tr>\r\n<td valign=\"top\">\r\n<p><span style=\"color: #000000; font-family: Helvetica Neue; font-size: medium;\">Shipping time: 5-10 days\u00a0*. Shipping fee: EUR 12,-; Maximum order quantity: 3 cases (3&#215;24 cans) \/ Order<\/span><\/p>\r\n<\/td>\r\n<\/tr>\r\n<tr>\r\n<td valign=\"top\">\r\n<p><span style=\"color: #000000; font-family: Arial; font-size: medium;\"><b>Spain, Portugal, Greece, Finland, Ireland<\/b><\/span><\/p>\r\n<\/td>\r\n<\/tr>\r\n<tr>\r\n<td valign=\"top\">\r\n<p><span style=\"color: #000000; font-family: Helvetica Neue; font-size: medium;\">Shipping time: 5-10 days\u00a0*. Shipping fee: EUR 15,-; Maximum order quantity: 3 cases (3&#215;24 cans) \/ Order<\/span><\/p>\r\n<\/td>\r\n<\/tr>\r\n<tr>\r\n<td valign=\"top\">\r\n<p><span style=\"color: #000000; font-family: Arial; font-size: medium;\"><b>Malta, Switzerland, Norway<\/b><\/span><\/p>\r\n<\/td>\r\n<\/tr>\r\n<tr>\r\n<td valign=\"top\">\r\n<p><span style=\"color: #000000; font-family: Helvetica Neue; font-size: medium;\">Shipping time: 5-10 days\u00a0*. Shipping fee: unique shiiping may apply. Please contact us via e-mail:<span class=\"Apple-converted-space\">\u00a0 <\/span>info@coconutwater.company; Maximum order quantity: 3 cases (3&#215;24 cans) \/ Order.<\/span><\/p>\r\n<\/td>\r\n<\/tr>\r\n<tr>\r\n<td valign=\"top\">\r\n<p><span style=\"color: #000000; font-family: Arial; font-size: medium;\">* Shipping time is calculated from date when the order was completed.<\/span><\/p>\r\n<\/td>\r\n<\/tr>\r\n<tr>\r\n<td valign=\"top\">\r\n<p><span style=\"color: #000000; font-family: Arial; font-size: medium;\">Orders completed until am 10:00 CET can be processed on the same day. <\/span><\/p>\r\n<\/td>\r\n<\/tr>\r\n<tr>\r\n<td valign=\"top\">\r\n<p><span style=\"color: #000000; font-family: Arial; font-size: medium;\">We are trying to complete the order until the mentioned time. We can not take responsibility if the shipping will take longer as mentioned. <\/span><\/p>\r\n<\/td>\r\n<\/tr>\r\n<tr>\r\n<td valign=\"top\">\r\n<p><span style=\"color: #000000; font-family: Arial; font-size: medium;\"><b>MORE INFORMATION<\/b><\/span><\/p>\r\n<\/td>\r\n<\/tr>\r\n<tr>\r\n<td valign=\"top\">\r\n<p><span style=\"color: #000000; font-family: Arial; font-size: medium;\">We do not process orders on holidays and weekends. .<\/span><\/p>\r\n<\/td>\r\n<\/tr>\r\n<tr>\r\n<td valign=\"top\">\r\n<p><span style=\"color: #000000; font-family: Arial; font-size: medium;\">We do not deliver to PO. Box or to Post Office.<\/span><\/p>\r\n<\/td>\r\n<\/tr>\r\n<tr>\r\n<td valign=\"top\">\r\n<p><span style=\"color: #000000; font-family: Arial; font-size: medium;\">We do everything to fulfill Your Order within the mentioned time. We are not responsilbe for delays caused by third parties or circustances. We will inform You about if any unexpected delays occur.<\/span><\/p>\r\n<\/td>\r\n<\/tr>\r\n<tr>\r\n<td valign=\"top\">\r\n<p><span style=\"color: #000000; font-family: Helvetica Neue; font-size: small;\">If You have any question or remark tracking Your order, please contact our costumer service via E-mail: info@coconutwatershop.com. We will answer You as soon as possible.<\/span><\/p>\r\n<\/td>\r\n<\/tr>\r\n<\/tbody>\r\n<\/table>\r\n","protected":false},"excerpt":{"rendered":"<p>SHIPPING We are currently shipping as indicated below. Hungary Shipping time: 3 to 7 days.*. Shipping fee: up to 32.999,- ordervalue: HUF 2.400,-, Ordervalue HUF 33.000,-\u00a0and above: free of charge&#8230;<\/p>\n","protected":false},"author":1,"featured_media":0,"parent":0,"menu_order":0,"comment_status":"closed","ping_status":"closed","template":"","meta":{"footnotes":""},"class_list":["post-292","page","type-page","status-publish"],"yoast_head":"<!-- This site is optimized with the Yoast SEO plugin v27.4 - https:\/\/yoast.com\/product\/yoast-seo-wordpress\/ -->\n<title>Shipping | CoCos Premium 100% Coconut Water Shop<\/title>\n<meta name=\"robots\" content=\"index, follow, max-snippet:-1, max-image-preview:large, max-video-preview:-1\" \/>\n<link rel=\"canonical\" href=\"https:\/\/coconutwatershop.com\/en\/shipping\/\" \/>\n<meta property=\"og:locale\" content=\"en_US\" \/>\n<meta property=\"og:type\" content=\"article\" \/>\n<meta property=\"og:title\" content=\"Shipping | CoCos Premium 100% Coconut Water Shop\" \/>\n<meta property=\"og:description\" content=\"SHIPPING We are currently shipping as indicated below. Hungary Shipping time: 3 to 7 days.*. Shipping fee: up to 32.999,- ordervalue: HUF 2.400,-, Ordervalue HUF 33.000,-\u00a0and above: free of charge...\" \/>\n<meta property=\"og:url\" content=\"https:\/\/coconutwatershop.com\/en\/shipping\/\" \/>\n<meta property=\"og:site_name\" content=\"CoCos Premium 100% Coconut Water Shop\" \/>\n<meta property=\"article:modified_time\" content=\"2023-01-04T14:40:29+00:00\" \/>\n<meta name=\"twitter:card\" content=\"summary_large_image\" \/>\n<meta name=\"twitter:label1\" content=\"Est. reading time\" \/>\n\t<meta name=\"twitter:data1\" content=\"2 minutes\" \/>\n<script type=\"application\/ld+json\" class=\"yoast-schema-graph\">{\"@context\":\"https:\\\/\\\/schema.org\",\"@graph\":[{\"@type\":\"WebPage\",\"@id\":\"https:\\\/\\\/coconutwatershop.com\\\/en\\\/shipping\\\/\",\"url\":\"https:\\\/\\\/coconutwatershop.com\\\/en\\\/shipping\\\/\",\"name\":\"Shipping | CoCos Premium 100% Coconut Water Shop\",\"isPartOf\":{\"@id\":\"https:\\\/\\\/coconutwatershop.com\\\/en\\\/#website\"},\"datePublished\":\"2022-01-26T20:27:30+00:00\",\"dateModified\":\"2023-01-04T14:40:29+00:00\",\"breadcrumb\":{\"@id\":\"https:\\\/\\\/coconutwatershop.com\\\/en\\\/shipping\\\/#breadcrumb\"},\"inLanguage\":\"en-US\",\"potentialAction\":[{\"@type\":\"ReadAction\",\"target\":[\"https:\\\/\\\/coconutwatershop.com\\\/en\\\/shipping\\\/\"]}]},{\"@type\":\"BreadcrumbList\",\"@id\":\"https:\\\/\\\/coconutwatershop.com\\\/en\\\/shipping\\\/#breadcrumb\",\"itemListElement\":[{\"@type\":\"ListItem\",\"position\":1,\"name\":\"Kezd\u0151lap\",\"item\":\"https:\\\/\\\/coconutwatershop.com\\\/en\\\/\"},{\"@type\":\"ListItem\",\"position\":2,\"name\":\"Shipping\"}]},{\"@type\":\"WebSite\",\"@id\":\"https:\\\/\\\/coconutwatershop.com\\\/en\\\/#website\",\"url\":\"https:\\\/\\\/coconutwatershop.com\\\/en\\\/\",\"name\":\"CoCos Premium 100% Coconut Water Shop\",\"description\":\"100% Pr\u00e9mium K\u00f3kuszv\u00edz\",\"potentialAction\":[{\"@type\":\"SearchAction\",\"target\":{\"@type\":\"EntryPoint\",\"urlTemplate\":\"https:\\\/\\\/coconutwatershop.com\\\/en\\\/?s={search_term_string}\"},\"query-input\":{\"@type\":\"PropertyValueSpecification\",\"valueRequired\":true,\"valueName\":\"search_term_string\"}}],\"inLanguage\":\"en-US\"}]}<\/script>\n<!-- \/ Yoast SEO plugin. -->","yoast_head_json":{"title":"Shipping | CoCos Premium 100% Coconut Water Shop","robots":{"index":"index","follow":"follow","max-snippet":"max-snippet:-1","max-image-preview":"max-image-preview:large","max-video-preview":"max-video-preview:-1"},"canonical":"https:\/\/coconutwatershop.com\/en\/shipping\/","og_locale":"en_US","og_type":"article","og_title":"Shipping | CoCos Premium 100% Coconut Water Shop","og_description":"SHIPPING We are currently shipping as indicated below. Hungary Shipping time: 3 to 7 days.*. Shipping fee: up to 32.999,- ordervalue: HUF 2.400,-, Ordervalue HUF 33.000,-\u00a0and above: free of charge...","og_url":"https:\/\/coconutwatershop.com\/en\/shipping\/","og_site_name":"CoCos Premium 100% Coconut Water Shop","article_modified_time":"2023-01-04T14:40:29+00:00","twitter_card":"summary_large_image","twitter_misc":{"Est. reading time":"2 minutes"},"schema":{"@context":"https:\/\/schema.org","@graph":[{"@type":"WebPage","@id":"https:\/\/coconutwatershop.com\/en\/shipping\/","url":"https:\/\/coconutwatershop.com\/en\/shipping\/","name":"Shipping | CoCos Premium 100% Coconut Water Shop","isPartOf":{"@id":"https:\/\/coconutwatershop.com\/en\/#website"},"datePublished":"2022-01-26T20:27:30+00:00","dateModified":"2023-01-04T14:40:29+00:00","breadcrumb":{"@id":"https:\/\/coconutwatershop.com\/en\/shipping\/#breadcrumb"},"inLanguage":"en-US","potentialAction":[{"@type":"ReadAction","target":["https:\/\/coconutwatershop.com\/en\/shipping\/"]}]},{"@type":"BreadcrumbList","@id":"https:\/\/coconutwatershop.com\/en\/shipping\/#breadcrumb","itemListElement":[{"@type":"ListItem","position":1,"name":"Kezd\u0151lap","item":"https:\/\/coconutwatershop.com\/en\/"},{"@type":"ListItem","position":2,"name":"Shipping"}]},{"@type":"WebSite","@id":"https:\/\/coconutwatershop.com\/en\/#website","url":"https:\/\/coconutwatershop.com\/en\/","name":"CoCos Premium 100% Coconut Water Shop","description":"100% Pr\u00e9mium K\u00f3kuszv\u00edz","potentialAction":[{"@type":"SearchAction","target":{"@type":"EntryPoint","urlTemplate":"https:\/\/coconutwatershop.com\/en\/?s={search_term_string}"},"query-input":{"@type":"PropertyValueSpecification","valueRequired":true,"valueName":"search_term_string"}}],"inLanguage":"en-US"}]}},"jetpack_sharing_enabled":true,"_links":{"self":[{"href":"https:\/\/coconutwatershop.com\/en\/wp-json\/wp\/v2\/pages\/292","targetHints":{"allow":["GET"]}}],"collection":[{"href":"https:\/\/coconutwatershop.com\/en\/wp-json\/wp\/v2\/pages"}],"about":[{"href":"https:\/\/coconutwatershop.com\/en\/wp-json\/wp\/v2\/types\/page"}],"author":[{"embeddable":true,"href":"https:\/\/coconutwatershop.com\/en\/wp-json\/wp\/v2\/users\/1"}],"replies":[{"embeddable":true,"href":"https:\/\/coconutwatershop.com\/en\/wp-json\/wp\/v2\/comments?post=292"}],"version-history":[{"count":4,"href":"https:\/\/coconutwatershop.com\/en\/wp-json\/wp\/v2\/pages\/292\/revisions"}],"predecessor-version":[{"id":1257,"href":"https:\/\/coconutwatershop.com\/en\/wp-json\/wp\/v2\/pages\/292\/revisions\/1257"}],"wp:attachment":[{"href":"https:\/\/coconutwatershop.com\/en\/wp-json\/wp\/v2\/media?parent=292"}],"curies":[{"name":"wp","href":"https:\/\/api.w.org\/{rel}","templated":true}]}}